{"id":1073,"date":"2014-09-30T18:46:09","date_gmt":"2014-09-30T16:46:09","guid":{"rendered":"http:\/\/www.inkolan.com\/?page_id=1073"},"modified":"2022-10-03T14:21:54","modified_gmt":"2022-10-03T12:21:54","slug":"avis-legal","status":"publish","type":"page","link":"https:\/\/www.inkolan.com\/ca\/avis-legal\/","title":{"rendered":"Av\u00eds legal"},"content":{"rendered":"<h1 class=\"titu-h2\" style=\"text-align: center;\">Av\u00eds legal<\/h1>\n<p>&nbsp;<\/p>\n<p><strong>1. OBJECTE I ACCEPTACI\u00d3<\/strong><\/p>\n<p>El present av\u00eds legal regula l&#8217;acc\u00e9s, navegaci\u00f3 i utilitzaci\u00f3 del lloc web www.inkolan.com (d&#8217;ara endavant, el Lloc web) propietat de\u00a0INKOLAN\u00a0INFORMACION\u00a0I\u00a0COORDINACION\u00a0D&#8217;OBRES\u00a0AIE\u00a0(d&#8217;ara endavant, el Propietari del Lloc web).<br \/>\nLa navegaci\u00f3 pel Lloc web atribueix la condici\u00f3 d&#8217;usuari del mateix i implica l&#8217;acceptaci\u00f3 plena i sense reserves de totes les disposicions incloses en el present Av\u00eds Legal, que podran ser modificades o substitu\u00efdes pel seu titular en qualsevol moment i sense previ av\u00eds. En cas de no estar d&#8217;acord amb tot o part d&#8217;aquest Av\u00eds Legal, l&#8217;usuari ha d&#8217;abstenir-se d&#8217;utilitzar el Lloc web.<\/p>\n<p>L&#8217;usuari s&#8217;obliga a fer un \u00fas correcte del Lloc web de conformitat amb les lleis, l&#8217;ordre p\u00fablic, la bona fe i el present Av\u00eds Legal. L&#8217;usuari respondr\u00e0 enfront del Propietari del Lloc web o enfront de tercers dels danys i perjudicis que poguessin causar-se a conseq\u00fc\u00e8ncia de l&#8217;incompliment d&#8217;aquesta obligaci\u00f3.<\/p>\n<p>El Propietari del Lloc web es reserva el dret a modificar la presentaci\u00f3, configuraci\u00f3 i contingut de la Web, aix\u00ed com les condicions requerides per al seu acc\u00e9s i\/o utilitzaci\u00f3. L&#8217;acc\u00e9s i utilitzaci\u00f3 dels continguts del Lloc web despr\u00e9s de l&#8217;entrada en vigor de les seves modificacions o canvis suposen l&#8217;acceptaci\u00f3 d&#8217;aquests.<\/p>\n<p><strong>2. IDENTIFICACI\u00d3<\/strong><\/p>\n<p>D&#8217;acord amb l&#8217;article 10 de la Llei 34\/2002, d&#8217;11 de juliol, de Serveis de la Societat de la Informaci\u00f3 i de Comer\u00e7 Electr\u00f2nic (LSSI)\u00a0se l&#8217;informa que:<br \/>\nINKOLAN\u00a0INFORMACION\u00a0I\u00a0COORDINACION\u00a0D&#8217;OBRES\u00a0AIE\u00a0\u00e9s una societat amb domicili en C\/\u00a0Rodriguez\u00a0Arias 6 4a \u2013 Departament 402 48008 \u2013 (Bilbao), C.I.F. V95040515 i degudament inscrita en el Registre Mercantil de\u00a0Bizkaia\u00a0Tom 5909; Foli 186; Fulla\u00a0BI-74871.<br \/>\nLes comunicacions amb el Propietari del Lloc web es consideraran efica\u00e7os quan es dirigeixin a l&#8217;adre\u00e7a postal indicada o a l&#8217;adre\u00e7a de correu electr\u00f2nic inkolan@inkolan.com.<\/p>\n<p><strong>3. ACC\u00c9S I REGISTRE<\/strong><\/p>\n<p>L&#8217;acc\u00e9s i navegaci\u00f3 pel Lloc web \u00e9s lliure, gratu\u00eft i no requereix registre. No obstant aix\u00f2, el Propietari del Lloc web pot condicionar la utilitzaci\u00f3 d&#8217;alguns dels productes oferts al previ emplenament del corresponent formulari i abonament del preu estipulat.<\/p>\n<p>En cap concepte el Propietari del Lloc web es responsabilitzar\u00e0 de la veracitat de les dades de registre facilitats pels usuaris finals, per la qual cosa cadascun d&#8217;aquests s\u00f3n responsables de les possibles conseq\u00fc\u00e8ncies, errors i fallades que posteriorment puguin derivar-se de la falta de veracitat de les dades.<\/p>\n<p><strong>4. DRETS DE PROPIETAT INTEL\u00b7LECTUAL I INDUSTRIAL<\/strong><\/p>\n<p>El Propietari del Lloc web \u00e9s titular o, en el seu cas, compta amb les llic\u00e8ncies corresponents sobre els drets d&#8217;explotaci\u00f3 de propietat intel\u00b7lectual i industrial del Lloc web, aix\u00ed com dels drets de propietat intel\u00b7lectual i industrial sobre la informaci\u00f3, materials i continguts de la web. En cap cas s&#8217;entendr\u00e0 que l&#8217;acc\u00e9s, navegaci\u00f3 i utilitzaci\u00f3 del Lloc web per part de l&#8217;usuari implica una ren\u00fancia, transmissi\u00f3, llic\u00e8ncia o cessi\u00f3 total o parcial d&#8217;aquests drets per part del Propietari del Lloc web.<\/p>\n<p>L&#8217;usuari disposa d&#8217;un dret d&#8217;\u00fas dels continguts i\/o productes del Lloc web estrictament privat. El Propietari del Lloc web no es responsabilitza de l&#8217;\u00fas que cada usuari doni als materials posats a disposici\u00f3 en aquest lloc web ni de les actuacions que realitzi sobre la base d&#8217;aquests.<\/p>\n<p>Les refer\u00e8ncies a marques o noms comercials registrats, o altres signes distintius, ja siguin titularitat del Propietari del Lloc web o de terceres empreses, porten impl\u00edcites la prohibici\u00f3 sobre el seu \u00fas sense el consentiment del Propietari del Lloc web o dels seus leg\u00edtims titulars.<\/p>\n<p>Queden reservats tots els drets de propietat intel\u00b7lectual i industrial sobre els continguts i\/o serveis del Lloc web i, en particular, queda prohibit modificar, copiar, reproduir, comunicar p\u00fablicament, transformar o distribuir, per qualsevol mitj\u00e0 i sota qualsevol forma, la totalitat o part dels continguts inclosos en la Web, per a prop\u00f2sits p\u00fablics o comercials, si no es compta amb l&#8217;autoritzaci\u00f3 pr\u00e8via, expressa i per escrit del Propietari del Lloc web o, en el seu cas, del titular dels drets corresponents.<\/p>\n<p><strong>5. ENLLA\u00c7OS A ALTRES P\u00c0GINES WEB<\/strong><\/p>\n<p>En cas que en el Lloc web es mostressin enlla\u00e7os a altres p\u00e0gines web mitjan\u00e7ant diferents botons, links, b\u00e0ners o continguts embeguts, el Propietari del Lloc web informa que aquests es troben directament gestionats per tercers, no tenint el Propietari del Lloc web ni mitjans humans, ni t\u00e8cnics per a con\u00e8ixer de manera pr\u00e8via i\/o controlar i\/o aprovar tota la informaci\u00f3, continguts, productes o serveis facilitats per altres llocs web als quals es puguin establir enlla\u00e7os des del present Lloc web.<\/p>\n<p>En conseq\u00fc\u00e8ncia, el Propietari del Lloc web no podr\u00e0 assumir cap mena de responsabilitat per qualsevol aspecte relatiu a la p\u00e0gina web a la qual es pogu\u00e9s establir un enlla\u00e7 des del Lloc web. \u00c9s responsabilitat de l&#8217;usuari llegir i acceptar els termes d&#8217;\u00fas i pol\u00edtiques de privacitat publicats en els llocs web enlla\u00e7ats o aplicacions vinculades.<\/p>\n<p><strong>6. CONDICIONS D&#8217;\u00daS DEL LLOC WEB<\/strong><\/p>\n<p>No est\u00e0 perm\u00e8s, i per tant, les seves conseq\u00fc\u00e8ncies seran de l&#8217;exclusiva responsabilitat de l&#8217;usuari, l&#8217;acc\u00e9s o la utilitzaci\u00f3 del Lloc web amb finalitats il\u00b7legals o no autoritzats, amb o sense finalitat econ\u00f2mica i, m\u00e9s espec\u00edficament, i sense que el seg\u00fcent llistat tingui car\u00e0cter absolut, queda prohibit:<\/p>\n<p>Introduir, emmagatzemar o difondre mitjan\u00e7ant el Lloc web programes, dades, virus, codi o qualsevol altre dispositiu electr\u00f2nic o f\u00edsic que sigui susceptible de causar danys en aquest, en qualsevol dels serveis o en qualsevol dels equips, sistemes o xarxes del Propietari del Lloc web, de qualsevol altre usuari, o, en general, de qualsevol tercer.<br \/>\nRegistrar-se a trav\u00e9s del Lloc web amb una identitat falsa o suplantant la identitat de tercers.<br \/>\nAccedir sense autoritzaci\u00f3 a qualsevol secci\u00f3 del Lloc web, a algun servidor del Propietari del Lloc web o als serveis oferts a trav\u00e9s del Lloc web, per mitj\u00e0 de pirateig o falsificaci\u00f3, extracci\u00f3 de contrasenyes o qualsevol altre mitj\u00e0 il\u00b7leg\u00edtim.<br \/>\nDur a terme alguna acci\u00f3 que provoqui una saturaci\u00f3 desproporcionada o innecess\u00e0ria en la infraestructura del Lloc web o en els sistemes o xarxes del Propietari del Lloc web.<br \/>\nL&#8217;incompliment de qualsevol de les anteriors obligacions per l&#8217;usuari podr\u00e0 portar aparellada l&#8217;adopci\u00f3, per part del Propietari del Lloc web, de les mesures oportunes emparades en Dret.<\/p>\n<p><strong>7. RESPONSABILITATS I GARANTIES<\/strong><\/p>\n<p>El contingut del present Lloc web \u00e9s de car\u00e0cter general i t\u00e9 una finalitat merament informativa. El Propietari del Lloc web no pot garantir plenament l&#8217;acc\u00e9s a tots els continguts, ni la fiabilitat, utilitat o veracitat d&#8217;absolutament tota la informaci\u00f3 del Lloc web, ni tampoc de la vig\u00e8ncia o actualitat de la documentaci\u00f3 posada a disposici\u00f3 a trav\u00e9s de la web.<\/p>\n<p>En conseq\u00fc\u00e8ncia, el Propietari del Lloc web no garanteix ni es fa responsable de: (i) la continu\u00eftat dels continguts gratu\u00efts del Lloc web; (ii)\u00a0l&#8217;abs\u00e8ncia d&#8217;errors en aquests continguts; (iii)\u00a0l&#8217;abs\u00e8ncia de virus i\/o altres components nocius en el Lloc web o en el servidor que el subministra; (iv)\u00a0la invulnerabilitat del Lloc web i\/o la impossibilitat de vulnerar les mesures de seguretat que s&#8217;adoptin en aquesta; (v)\u00a0la falta d&#8217;utilitat o rendiment dels continguts del Lloc web; i (vaig veure) els danys o perjudicis que causi, a si mateix o a un tercer, qualsevol persona que infring\u00eds les condicions, normes i instruccions que el Propietari del Lloc web estableix o a trav\u00e9s de la vulneraci\u00f3 dels sistemes de seguretat del Lloc web.<\/p>\n<p>No obstant aix\u00f2, el Propietari del Lloc web declara que ha adoptat totes les mesures necess\u00e0ries, dins de les seves possibilitats i de l&#8217;estat de la t\u00e8cnica, per a garantir el funcionament del Lloc web i reduir al m\u00ednim els errors del sistema, tant des del punt de vista t\u00e8cnic, com dels continguts publicats en el Lloc web.<\/p>\n<p>En tot cas, el Propietari del Lloc web es reserva el dret a suspendre, modificar, restringir o interrompre, temporal o permanentment, l&#8217;acc\u00e9s gratu\u00eft al Lloc web, amb o sense pr\u00e8via notificaci\u00f3, sense que medi\u00ef possibilitat de l&#8217;usuari d&#8217;exigir cap indemnitzaci\u00f3 per aquesta causa. Fora de perill queda l&#8217;acc\u00e9s privat a la zona client pels usuaris que tinguin vigent un contracte amb el Propietari del Lloc web.<\/p>\n<p><strong>8. POL\u00cdTICA DE PRIVACITAT I COOKIES<\/strong><\/p>\n<p>De conformitat amb el que es disposa per la legislaci\u00f3 vigent i aplicable en mat\u00e8ria de protecci\u00f3 de dades personals, totes les dades de car\u00e0cter personal facilitats durant la utilitzaci\u00f3 del Lloc web seran tractats de conformitat amb el que es disposa en la Pol\u00edtica de Privacitat, la qual ha de ser llegida, compresa i acceptada per a la utilitzaci\u00f3 del present Lloc web.<\/p>\n<p>Aix\u00ed mateix, el lloc web utilitza cookies (petits arxius d&#8217;informaci\u00f3 que el servidor envia al dispositiu de qui accedeix a la p\u00e0gina) per al correcte funcionament i visualitzaci\u00f3 dels continguts del Lloc web per part de l&#8217;usuari. Per a m\u00e9s informaci\u00f3 accedeixi a la nostra Pol\u00edtica de cookies.<\/p>\n<p><strong>9. LLEI APLICABLE I JURISDICCI\u00d3 COMPETENT<\/strong><\/p>\n<p>Les cl\u00e0usules contingudes en el present Av\u00eds Legal es regeixen per la legislaci\u00f3 espanyola. Les parts se sotmeten expressament, per a la resoluci\u00f3 dels conflictes i amb ren\u00fancia a qualsevol altre fur, als jutjats i tribunals de Bilbao.<\/p>\n","protected":false},"excerpt":{"rendered":"<p>Av\u00eds legal &nbsp; 1. OBJECTE I ACCEPTACI\u00d3 El present av\u00eds legal regula l&#8217;acc\u00e9s, navegaci\u00f3 i utilitzaci\u00f3 del lloc web www.inkolan.com (d&#8217;ara endavant, el Lloc web) propietat de\u00a0INKOLAN\u00a0INFORMACION\u00a0I\u00a0COORDINACION\u00a0D&#8217;OBRES\u00a0AIE\u00a0(d&#8217;ara endavant, el Propietari del Lloc web). La navegaci\u00f3 pel Lloc web atribueix la condici\u00f3 d&#8217;usuari del mateix i implica l&#8217;acceptaci\u00f3 plena i sense reserves de totes les disposicions&hellip;<\/p>\n","protected":false},"author":9192193,"featured_media":0,"parent":0,"menu_order":0,"comment_status":"closed","ping_status":"closed","template":"","meta":{"_acf_changed":false,"footnotes":""},"class_list":["post-1073","page","type-page","status-publish","hentry","description-off"],"acf":[],"_links":{"self":[{"href":"https:\/\/www.inkolan.com\/ca\/wp-json\/wp\/v2\/pages\/1073","targetHints":{"allow":["GET"]}}],"collection":[{"href":"https:\/\/www.inkolan.com\/ca\/wp-json\/wp\/v2\/pages"}],"about":[{"href":"https:\/\/www.inkolan.com\/ca\/wp-json\/wp\/v2\/types\/page"}],"author":[{"embeddable":true,"href":"https:\/\/www.inkolan.com\/ca\/wp-json\/wp\/v2\/users\/9192193"}],"replies":[{"embeddable":true,"href":"https:\/\/www.inkolan.com\/ca\/wp-json\/wp\/v2\/comments?post=1073"}],"version-history":[{"count":0,"href":"https:\/\/www.inkolan.com\/ca\/wp-json\/wp\/v2\/pages\/1073\/revisions"}],"wp:attachment":[{"href":"https:\/\/www.inkolan.com\/ca\/wp-json\/wp\/v2\/media?parent=1073"}],"curies":[{"name":"wp","href":"https:\/\/api.w.org\/{rel}","templated":true}]}}