{"id":3464,"date":"2022-08-18T13:02:30","date_gmt":"2022-08-18T11:02:30","guid":{"rendered":"https:\/\/www.inkolan.com\/?page_id=3464"},"modified":"2022-10-07T14:35:16","modified_gmt":"2022-10-07T12:35:16","slug":"proiektuak","status":"publish","type":"page","link":"https:\/\/www.inkolan.com\/eu\/proiektuak\/","title":{"rendered":"Proiektuak"},"content":{"rendered":"<div class=\"wpb-content-wrapper\"><p>[vc_row type=&#8221;vc_default&#8221; full_width=&#8221;stretch_row&#8221; equal_height=&#8221;yes&#8221; content_placement=&#8221;middle&#8221; css=&#8221;.vc_custom_1665146107357{margin-top: -70px !important;padding-top: 300px !important;padding-bottom: 150px !important;background-image: url(https:\/\/www.inkolan.com\/wp-content\/uploads\/2022\/09\/inkolan-proyectos-hero-bg.jpg?id=3702) !important;background-position: center !important;background-repeat: no-repeat !important;background-size: cover !important;}&#8221; el_class=&#8221;titulo-pagina hero-responsive&#8221;][vc_column][vc_column_text]<\/p>\n<h1 class=\"titu-h2 blanco\">Proiektuak<\/h1>\n<p>[\/vc_column_text][vc_column_text]<span class=\"txt-destacado blanco\">Egungo eta etorkizuneko lurralde adimendunak<br \/>\neraikitzen laguntzen dugu<\/span>[\/vc_column_text][\/vc_column][\/vc_row][vc_row type=&#8221;vc_default&#8221; css=&#8221;.vc_custom_1660834759825{margin-top: 80px !important;}&#8221;][vc_column width=&#8221;1\/6&#8243;][\/vc_column][vc_column width=&#8221;2\/3&#8243;][vc_column_text]<\/p>\n<h5 class=\"pretitulo texto-centro\">PROIEKTUAK<\/h5>\n<p>[\/vc_column_text][vc_column_text]<\/p>\n<h2 class=\"titu-h2 azul texto-centro\">Aurrera goaz etorkizunerantz<\/h2>\n<p>[\/vc_column_text][vc_column_text css=&#8221;.vc_custom_1664282509743{margin-top: 30px !important;}&#8221;]<\/p>\n<p style=\"text-align: center;\">INKOLAN hiri eta lurralde adimendunetarako zerbitzu adimendunen sareen informazio digitalaren hornikuntzan oinarritutako proiektu berritzaileen garapena errazteko eta laguntzeko asmoz sortu da, sare horiei eraldaketa digitaleko prozesuetan lagunduz.<\/p>\n<p style=\"text-align: center;\">Elkarlanean ari garen proiektuetako batzuk aurkezten dizkizuegu.<\/p>\n<p>[\/vc_column_text][vc_icon type=&#8221;typicons&#8221; color=&#8221;white&#8221;][\/vc_column][vc_column width=&#8221;1\/6&#8243;][\/vc_column][\/vc_row][vc_row type=&#8221;vc_default&#8221; css=&#8221;.vc_custom_1663151646905{margin-top: 10px !important;}&#8221; el_class=&#8221;proyectos-grid&#8221;][vc_column][vc_column_text]<div class=\"contenedor_proyectos\"><div class=\"item_proyecto\">\n\t\t\t\t\t<a href=\"https:\/\/blog.inkolan.com\/tres-errores-evitables-que-pueden-paralizar-tu-obra\/\" style=\"background-image:url(https:\/\/blog.inkolan.com\/wp-content\/uploads\/2026\/01\/tres-errores-evitables-obra-1024x576.png)\" class=\"img_proyecto\" style=\"height:100px;\"><\/a>\n\t\t\t\t\t<div class=\"info_proyecto\">\n\t\t\t\t\t\t<h4 class=\"titulo_proyecto\">El coste de lo que no se ve: 3 errores evitables que pueden paralizar tu obra<\/h4>\n\t\t\t\t\t\t<div class=\"excerpt_proyecto\"><p>En la ejecuci\u00f3n de una obra, pueden surgir diferentes imprevistos, pero hay cuestiones que se pueden anticipar y prevenir para que todo salga seg\u00fan lo esperado.<\/p>\n<\/div>\n\t\t\t\t\t\t\n\t\t\t\t\t\t<div class=\"vc_btn3-container btn-bg-azul btn-azul vc_btn3-left vc_custom_1662123768498\"><a  class=\"vc_general vc_btn3 vc_btn3-size-md vc_btn3-shape-round vc_btn3-style-gradient-custom vc_btn3-icon-right vc_btn-gradient-btn-631ef4ad259a6\" a=\"\" href=\"https:\/\/blog.inkolan.com\/tres-errores-evitables-que-pueden-paralizar-tu-obra\/\" title=\"Ver ficha completa\">Ver ficha completa <i class=\"vc_btn3-icon typcn typcn-arrow-right-thick\"><\/i><\/a><\/div>\n\t\t\t\t\t<\/div>\n\t\t\t\t<\/div><div class=\"item_proyecto\">\n\t\t\t\t\t<a href=\"https:\/\/blog.inkolan.com\/2025-un-ano-clave-para-la-evolucion-de-inkolan\/\" style=\"background-image:url(https:\/\/blog.inkolan.com\/wp-content\/uploads\/2025\/12\/cabecera-blog-inkolan-1-1024x576.png)\" class=\"img_proyecto\" style=\"height:100px;\"><\/a>\n\t\t\t\t\t<div class=\"info_proyecto\">\n\t\t\t\t\t\t<h4 class=\"titulo_proyecto\">2025, un a\u00f1o clave para la evoluci\u00f3n de Inkolan<\/h4>\n\t\t\t\t\t\t<div class=\"excerpt_proyecto\"><p>En este cierre del 2024, Inkolan mira con orgullo los hitos alcanzados y los desaf\u00edos enfrentados a lo largo de un a\u00f1o lleno de transformaciones en el din\u00e1mico mundo de la tecnolog\u00eda y la innovaci\u00f3n.<\/p>\n<\/div>\n\t\t\t\t\t\t\n\t\t\t\t\t\t<div class=\"vc_btn3-container btn-bg-azul btn-azul vc_btn3-left vc_custom_1662123768498\"><a  class=\"vc_general vc_btn3 vc_btn3-size-md vc_btn3-shape-round vc_btn3-style-gradient-custom vc_btn3-icon-right vc_btn-gradient-btn-631ef4ad259a6\" a=\"\" href=\"https:\/\/blog.inkolan.com\/2025-un-ano-clave-para-la-evolucion-de-inkolan\/\" title=\"Ver ficha completa\">Ver ficha completa <i class=\"vc_btn3-icon typcn typcn-arrow-right-thick\"><\/i><\/a><\/div>\n\t\t\t\t\t<\/div>\n\t\t\t\t<\/div><div class=\"item_proyecto\">\n\t\t\t\t\t<a href=\"https:\/\/blog.inkolan.com\/en-inkolan-utilizamos-blockchain-para-garantizar-la-autenticidad-de-tus-planos\/\" style=\"background-image:url(https:\/\/blog.inkolan.com\/wp-content\/uploads\/2025\/09\/inkolan-3-1024x576.png)\" class=\"img_proyecto\" style=\"height:100px;\"><\/a>\n\t\t\t\t\t<div class=\"info_proyecto\">\n\t\t\t\t\t\t<h4 class=\"titulo_proyecto\">En Inkolan utilizamos blockchain para garantizar la autenticidad de tus planos<\/h4>\n\t\t\t\t\t\t<div class=\"excerpt_proyecto\"><p>En Inkolan hemos integrado tecnolog\u00eda blockchain para certificar digitalmente cada plano t\u00e9cnico descargado. Cada archivo incluye c\u00f3digos hash \u00fanicos que permiten verificar su autenticidad de forma independiente en solo 3 pasos simples.<\/p>\n<\/div>\n\t\t\t\t\t\t\n\t\t\t\t\t\t<div class=\"vc_btn3-container btn-bg-azul btn-azul vc_btn3-left vc_custom_1662123768498\"><a  class=\"vc_general vc_btn3 vc_btn3-size-md vc_btn3-shape-round vc_btn3-style-gradient-custom vc_btn3-icon-right vc_btn-gradient-btn-631ef4ad259a6\" a=\"\" href=\"https:\/\/blog.inkolan.com\/en-inkolan-utilizamos-blockchain-para-garantizar-la-autenticidad-de-tus-planos\/\" title=\"Ver ficha completa\">Ver ficha completa <i class=\"vc_btn3-icon typcn typcn-arrow-right-thick\"><\/i><\/a><\/div>\n\t\t\t\t\t<\/div>\n\t\t\t\t<\/div><div class=\"item_proyecto\">\n\t\t\t\t\t<a href=\"https:\/\/blog.inkolan.com\/descubre-la-nueva-web-de-inkolan-mas-rapida-intuitiva-y-con-nuevas-funcionalidades\/\" style=\"background-image:url(https:\/\/blog.inkolan.com\/wp-content\/uploads\/2025\/02\/inkolan-portada-blog-1024x576.png)\" class=\"img_proyecto\" style=\"height:100px;\"><\/a>\n\t\t\t\t\t<div class=\"info_proyecto\">\n\t\t\t\t\t\t<h4 class=\"titulo_proyecto\">Descubre la nueva web de Inkolan: m\u00e1s r\u00e1pida, intuitiva y con nuevas funcionalidades<\/h4>\n\t\t\t\t\t\t<div class=\"excerpt_proyecto\"><p>En Inkolan trabajamos continuamente para mejorar tu experiencia en la consulta de infraestructuras de servicios p\u00fablicos. Pr\u00f3ximamente, lanzamos una actualizaci\u00f3n de nuestra web con mejoras clave. Todo pensado para que encuentres la informaci\u00f3n que necesitas de forma m\u00e1s eficiente y sin complicaciones. \u00a1Descubre todo los detalles!<\/p>\n<\/div>\n\t\t\t\t\t\t\n\t\t\t\t\t\t<div class=\"vc_btn3-container btn-bg-azul btn-azul vc_btn3-left vc_custom_1662123768498\"><a  class=\"vc_general vc_btn3 vc_btn3-size-md vc_btn3-shape-round vc_btn3-style-gradient-custom vc_btn3-icon-right vc_btn-gradient-btn-631ef4ad259a6\" a=\"\" href=\"https:\/\/blog.inkolan.com\/descubre-la-nueva-web-de-inkolan-mas-rapida-intuitiva-y-con-nuevas-funcionalidades\/\" title=\"Ver ficha completa\">Ver ficha completa <i class=\"vc_btn3-icon typcn typcn-arrow-right-thick\"><\/i><\/a><\/div>\n\t\t\t\t\t<\/div>\n\t\t\t\t<\/div><div class=\"item_proyecto\">\n\t\t\t\t\t<a href=\"https:\/\/blog.inkolan.com\/proyecto-de-clustering-colaboracion-y-tecnologia-en-accion\/\" style=\"background-image:url(https:\/\/blog.inkolan.com\/wp-content\/uploads\/2024\/12\/innolab-fotografia-2-1024x768.jpg)\" class=\"img_proyecto\" style=\"height:100px;\"><\/a>\n\t\t\t\t\t<div class=\"info_proyecto\">\n\t\t\t\t\t\t<h4 class=\"titulo_proyecto\">Proyecto de clustering: colaboraci\u00f3n y tecnolog\u00eda en acci\u00f3n<\/h4>\n\t\t\t\t\t\t<div class=\"excerpt_proyecto\"><p>Descubre c\u00f3mo Inkolan, INNOLAB Bilbao y LIS Data Solutions revolucionaron la segmentaci\u00f3n de clientes mediante un proyecto de clustering con inteligencia artificial, optimizando estrategias y descubriendo nuevas oportunidades de negocio.<\/p>\n<\/div>\n\t\t\t\t\t\t\n\t\t\t\t\t\t<div class=\"vc_btn3-container btn-bg-azul btn-azul vc_btn3-left vc_custom_1662123768498\"><a  class=\"vc_general vc_btn3 vc_btn3-size-md vc_btn3-shape-round vc_btn3-style-gradient-custom vc_btn3-icon-right vc_btn-gradient-btn-631ef4ad259a6\" a=\"\" href=\"https:\/\/blog.inkolan.com\/proyecto-de-clustering-colaboracion-y-tecnologia-en-accion\/\" title=\"Ver ficha completa\">Ver ficha completa <i class=\"vc_btn3-icon typcn typcn-arrow-right-thick\"><\/i><\/a><\/div>\n\t\t\t\t\t<\/div>\n\t\t\t\t<\/div><div class=\"item_proyecto\">\n\t\t\t\t\t<a href=\"https:\/\/blog.inkolan.com\/2024-un-ano-de-innovacion-alianzas-y-25-anos-de-transformacion-tecnologica\/\" style=\"background-image:url(https:\/\/blog.inkolan.com\/wp-content\/uploads\/2024\/12\/inkolan-9957-1024x682.jpg)\" class=\"img_proyecto\" style=\"height:100px;\"><\/a>\n\t\t\t\t\t<div class=\"info_proyecto\">\n\t\t\t\t\t\t<h4 class=\"titulo_proyecto\">2024 un a\u00f1o de innovaci\u00f3n, alianzas y 25 a\u00f1os de transformaci\u00f3n tecnol\u00f3gica<\/h4>\n\t\t\t\t\t\t<div class=\"excerpt_proyecto\"><p>En este cierre del 2024, Inkolan mira con orgullo los hitos alcanzados y los desaf\u00edos enfrentados a lo largo de un a\u00f1o lleno de transformaciones en el din\u00e1mico mundo de la tecnolog\u00eda y la innovaci\u00f3n.<\/p>\n<\/div>\n\t\t\t\t\t\t\n\t\t\t\t\t\t<div class=\"vc_btn3-container btn-bg-azul btn-azul vc_btn3-left vc_custom_1662123768498\"><a  class=\"vc_general vc_btn3 vc_btn3-size-md vc_btn3-shape-round vc_btn3-style-gradient-custom vc_btn3-icon-right vc_btn-gradient-btn-631ef4ad259a6\" a=\"\" href=\"https:\/\/blog.inkolan.com\/2024-un-ano-de-innovacion-alianzas-y-25-anos-de-transformacion-tecnologica\/\" title=\"Ver ficha completa\">Ver ficha completa <i class=\"vc_btn3-icon typcn typcn-arrow-right-thick\"><\/i><\/a><\/div>\n\t\t\t\t\t<\/div>\n\t\t\t\t<\/div><div class=\"item_proyecto\">\n\t\t\t\t\t<a href=\"https:\/\/blog.inkolan.com\/analisis-del-customer-journey-un-paso-mas-hacia-la-excelencia-en-el-servicio\/\" style=\"background-image:url(https:\/\/blog.inkolan.com\/wp-content\/uploads\/2024\/09\/inkolan-customer-journey-cabecera-1024x577.jpg)\" class=\"img_proyecto\" style=\"height:100px;\"><\/a>\n\t\t\t\t\t<div class=\"info_proyecto\">\n\t\t\t\t\t\t<h4 class=\"titulo_proyecto\">An\u00e1lisis del customer journey: un paso m\u00e1s hacia la excelencia en el servicio<\/h4>\n\t\t\t\t\t\t<div class=\"excerpt_proyecto\"><p>Descubre c\u00f3mo optimizamos cada interacci\u00f3n con nuestros clientes en Inkolan. En este an\u00e1lisis detallado del Customer Journey, en colaboraci\u00f3n con Ikerfel, exploramos los puntos clave que nos permiten mejorar continuamente nuestros servicios y ofrecer una experiencia de usuario excepcional. \u00bfQuieres saber c\u00f3mo logramos que cada paso cuente y c\u00f3mo seguimos impulsando nuestro liderazgo en el sector? <\/p>\n<\/div>\n\t\t\t\t\t\t\n\t\t\t\t\t\t<div class=\"vc_btn3-container btn-bg-azul btn-azul vc_btn3-left vc_custom_1662123768498\"><a  class=\"vc_general vc_btn3 vc_btn3-size-md vc_btn3-shape-round vc_btn3-style-gradient-custom vc_btn3-icon-right vc_btn-gradient-btn-631ef4ad259a6\" a=\"\" href=\"https:\/\/blog.inkolan.com\/analisis-del-customer-journey-un-paso-mas-hacia-la-excelencia-en-el-servicio\/\" title=\"Ver ficha completa\">Ver ficha completa <i class=\"vc_btn3-icon typcn typcn-arrow-right-thick\"><\/i><\/a><\/div>\n\t\t\t\t\t<\/div>\n\t\t\t\t<\/div><div class=\"item_proyecto\">\n\t\t\t\t\t<a href=\"https:\/\/blog.inkolan.com\/inkolan-celebra-25-anos-de-innovacion-en-san-mames\/\" style=\"background-image:url(https:\/\/blog.inkolan.com\/wp-content\/uploads\/2024\/06\/img-7397-1024x683.jpg)\" class=\"img_proyecto\" style=\"height:100px;\"><\/a>\n\t\t\t\t\t<div class=\"info_proyecto\">\n\t\t\t\t\t\t<h4 class=\"titulo_proyecto\">Inkolan celebra 25 a\u00f1os de innovaci\u00f3n en San Mam\u00e9s<\/h4>\n\t\t\t\t\t\t<div class=\"excerpt_proyecto\"><p>\u00a1\u00danete a nosotros para revivir la celebraci\u00f3n del 25 aniversario de Inkolan en el Estadio San Mam\u00e9s! El martes 4 de junio pasado, nos reunimos en este ic\u00f3nico estadio para conmemorar veinticinco a\u00f1os de logros y progreso. Conoce todas las actividades que se realizaron durante la jornada<\/p>\n<\/div>\n\t\t\t\t\t\t\n\t\t\t\t\t\t<div class=\"vc_btn3-container btn-bg-azul btn-azul vc_btn3-left vc_custom_1662123768498\"><a  class=\"vc_general vc_btn3 vc_btn3-size-md vc_btn3-shape-round vc_btn3-style-gradient-custom vc_btn3-icon-right vc_btn-gradient-btn-631ef4ad259a6\" a=\"\" href=\"https:\/\/blog.inkolan.com\/inkolan-celebra-25-anos-de-innovacion-en-san-mames\/\" title=\"Ver ficha completa\">Ver ficha completa <i class=\"vc_btn3-icon typcn typcn-arrow-right-thick\"><\/i><\/a><\/div>\n\t\t\t\t\t<\/div>\n\t\t\t\t<\/div><\/div>[\/vc_column_text][\/vc_column][\/vc_row][vc_row type=&#8221;vc_default&#8221; disable_element=&#8221;yes&#8221; css=&#8221;.vc_custom_1662990858347{margin-top: 80px !important;}&#8221; el_class=&#8221;proyectos-grid&#8221;][vc_column][vc_basic_grid post_type=&#8221;dt_portfolio&#8221; max_items=&#8221;2&#8243; style=&#8221;load-more&#8221; items_per_page=&#8221;2&#8243; element_width=&#8221;6&#8243; item=&#8221;3540&#8243; initial_loading_animation=&#8221;fadeInUp&#8221; grid_id=&#8221;vc_gid:1665145276857-9795da7f-966a-9&#8243;][vc_row_inner][vc_column_inner][\/vc_column_inner][\/vc_row_inner][\/vc_column][\/vc_row][vc_row type=&#8221;vc_default&#8221; full_width=&#8221;stretch_row&#8221; disable_element=&#8221;yes&#8221; css=&#8221;.vc_custom_1660834021071{margin-bottom: -70px !important;padding-top: 80px !important;padding-bottom: 100px !important;background-color: #f3f4f9 !important;}&#8221;][vc_column][vc_column_text][\/vc_column_text][\/vc_column][\/vc_row]<\/p>\n<\/div>","protected":false},"excerpt":{"rendered":"<p>[vc_row type=&#8221;vc_default&#8221; full_width=&#8221;stretch_row&#8221; equal_height=&#8221;yes&#8221; content_placement=&#8221;middle&#8221; css=&#8221;.vc_custom_1665146107357{margin-top: -70px !important;padding-top: 300px !important;padding-bottom: 150px !important;background-image: url(https:\/\/www.inkolan.com\/wp-content\/uploads\/2022\/09\/inkolan-proyectos-hero-bg.jpg?id=3702) !important;background-position: center !important;background-repeat: no-repeat !important;background-size: cover !important;}&#8221; el_class=&#8221;titulo-pagina hero-responsive&#8221;][vc_column][vc_column_text] Proiektuak [\/vc_column_text][vc_column_text]Egungo eta etorkizuneko lurralde adimendunak eraikitzen laguntzen dugu[\/vc_column_text][\/vc_column][\/vc_row][vc_row type=&#8221;vc_default&#8221; css=&#8221;.vc_custom_1660834759825{margin-top: 80px !important;}&#8221;][vc_column width=&#8221;1\/6&#8243;][\/vc_column][vc_column width=&#8221;2\/3&#8243;][vc_column_text] PROIEKTUAK [\/vc_column_text][vc_column_text] Aurrera goaz etorkizunerantz [\/vc_column_text][vc_column_text css=&#8221;.vc_custom_1664282509743{margin-top: 30px !important;}&#8221;] INKOLAN hiri eta lurralde adimendunetarako zerbitzu adimendunen sareen informazio&hellip;<\/p>\n","protected":false},"author":9192193,"featured_media":0,"parent":0,"menu_order":0,"comment_status":"closed","ping_status":"closed","template":"","meta":{"_acf_changed":false,"footnotes":""},"class_list":["post-3464","page","type-page","status-publish","hentry","description-off"],"acf":[],"_links":{"self":[{"href":"https:\/\/www.inkolan.com\/eu\/wp-json\/wp\/v2\/pages\/3464","targetHints":{"allow":["GET"]}}],"collection":[{"href":"https:\/\/www.inkolan.com\/eu\/wp-json\/wp\/v2\/pages"}],"about":[{"href":"https:\/\/www.inkolan.com\/eu\/wp-json\/wp\/v2\/types\/page"}],"author":[{"embeddable":true,"href":"https:\/\/www.inkolan.com\/eu\/wp-json\/wp\/v2\/users\/9192193"}],"replies":[{"embeddable":true,"href":"https:\/\/www.inkolan.com\/eu\/wp-json\/wp\/v2\/comments?post=3464"}],"version-history":[{"count":0,"href":"https:\/\/www.inkolan.com\/eu\/wp-json\/wp\/v2\/pages\/3464\/revisions"}],"wp:attachment":[{"href":"https:\/\/www.inkolan.com\/eu\/wp-json\/wp\/v2\/media?parent=3464"}],"curies":[{"name":"wp","href":"https:\/\/api.w.org\/{rel}","templated":true}]}}