{"id":3932,"date":"2014-09-30T18:39:46","date_gmt":"2014-09-30T16:39:46","guid":{"rendered":"https:\/\/www.inkolan.com\/politica-de-cookies\/"},"modified":"2023-10-09T16:35:16","modified_gmt":"2023-10-09T14:35:16","slug":"cookien-politika","status":"publish","type":"page","link":"https:\/\/www.inkolan.com\/eu\/cookien-politika\/","title":{"rendered":"Cookien Politika"},"content":{"rendered":"<div class=\"wpb-content-wrapper\"><p>[vc_row][vc_column][vc_column_text]<\/p>\n<h1 style=\"text-align: center; font-size: 44px;\">Cookien Politika<\/h1>\n<p>&nbsp;<\/p>\n<p>Inkolan Informazioa eta Lanen Koordinazioa AIEren webguneak (www.inkolan.com) cookieak erabiltzen ditu zerbitzu hobea emateko eta nabigazio-esperientzia hobea emateko.<\/p>\n<p>&nbsp;<\/p>\n<p><strong>ZER DIRA COOKIEAK?<\/strong><\/p>\n<p>Cookieak informazio-fitxategi txikiak dira, eta erabiltzailearen gailuan deskargatzen dira web orri batera sartzean, eta webgunearen jabeari aukera ematen diote bisitaldiari buruzko informazioa gogorarazteko, hala nola bere hizkuntza gogokoena, herrialdea, sarbide-kredentzialak eta beste edozein aukera. Webgunearen audientzia eta trafikoaren parametroak neurtzeko ere erabiltzen dira cookieak.<\/p>\n<p>Webgune honek erabiltzen dituen cookieak erabiltzaile anonimo batekin eta haren gailuarekin baino ez dira lotzen, eta ez dituzte berez ematen erabiltzailearen datu pertsonalak. Cookiek oso paper garrantzitsua betetzen dute eta erabiltzailearentzat nabigazio-esperientzia hobea izaten laguntzen dute.<\/p>\n<p>&nbsp;<\/p>\n<p><strong>ERABILITAKO COOKIE MOTAK<\/strong><\/p>\n<p>Cookieak bidaltzen diren eta lortzen diren datuak tratatzen diren domeinua kudeatzen duen erakundearen arabera, bi mota bereiz daitezke: cookie propioak eta hirugarrenen cookieak.<\/p>\n<p>Bigarren sailkapen bat ere badago, bezeroaren nabigatzailean biltegiratuta egoten diren denboraren arabera, eta saioko cookieak edo cookie iraunkorrak izan daitezke.<\/p>\n<p>Azkenik, lortutako datuak tratatzen diren helburuaren arabera, honela sailkatzen dira: cookie teknikoak, pertsonalizazio-cookieak, analisi-cookieak, publizitate-cookieak eta portaera-publizitateko cookieak.<\/p>\n<p>Jarraian, webgune honetako cookieei buruzko informazioa aurkituko duzu:<\/p>\n<p>&nbsp;<\/p>\n<ul>\n<li><b>_ga:<\/b>\u00a0Google Analytics-en cookiea, iraunkorra (2 urteko iraupena) eta analisikoa. Bisita bakarren jarraipena egiteko erabiltzen da, erabiltzaile bakoitzeko identifikatzaile bat biltegiratuz egiten dituen interakzioak kalkulatzeko, eskaintzen diren zerbitzuak optimizatzeko.<\/li>\n<li><b>_gid:<\/b>\u00a0Google Analytics-en cookiea, iraunkorra (egun bateko iraupena) eta analisikoa. Egun bakar batean erabiltzaile bera identifikatzeko erabiltzen da.<\/li>\n<li><b>_gat_gtag_UA_(property-id):<\/b>\u00a0Google Analytics-en cookiea, saiokoa (minutu bateko iraupena) eta analisikoa. Saioan sortutako jarraipen-objektuak bereizteko erabiltzen da.\/li&gt;<\/li>\n<li><b>wc_visitor:<\/b>\u00a0cookie propioa, iraunkorra (2 urteko iraupena) eta teknikoa. WordPressek cookie hau erabiltzen du autentifikazio-datuak gordetzeko.<\/li>\n<li><b>wc_client:<\/b>\u00a0cookie propioa, iraunkorra (5 hilabeteko iraupena) eta teknikoa. WordPressek cookie hau erabiltzen du autentifikazio-datuak gordetzeko.<\/li>\n<li><b>wc_client_current:<\/b>\u00a0 cookie propioa, saiokoa eta teknikakoa. WordPressek cookie hau aktibatzen du konektatutako erabiltzailea adieraziz.<\/li>\n<li><b>wp-wpml_current_language:<\/b> cookie propioa, iraunkorra (egun bateko iraupena) eta teknikoa. WordPressek cookie hau erabiltzen du erabiltzaileari Web Gunea erakutsiko zaion hizkuntza gordetzeko.<\/li>\n<li><b>cookielawinfo-checkbox-necessary:<\/b>\u00a0cookie propioa, iraunkorra (urtebeteko iraupena) eta teknikoa. Cookie hau beharrezkoa da, GDPR-ren Cookien Onarpen Pluginak ezarritakoa, erabiltzailearen baimena \u00abbeharrezkoa\u00bb kategorian gordetzeko erabiltzen da.<\/li>\n<li><b>cookielawinfo-checkbox-non-necessary:<\/b>\u00a0cookie propioa, iraunkorra (urtebeteko iraupena) eta teknikoa. Cookie hau beharrezkoa da, GDPR Cookien Onarpen Pluginak ezarritakoa. Erabiltzailearen baimena biltegiratzeko erabiltzen da cookie-etarako, \u00abEz dira beharrezkoak\u00bb kategorian.<\/li>\n<li><b>callbacktracker:<\/b> hirugarrenen cookiea, iraunkorra (urtebeteko iraupena) eta teknikoa. Callback Trackerrek cookie hau erabiltzen du Webguneko online txateko komunikazioetarako.<\/li>\n<\/ul>\n<p>&nbsp;<\/p>\n<p>Era berean, hirugarrenen cookieak instalatu ahal izango dira, erabiltzaileak web orriko edukiren bat sare sozialetan partekatzen badu. Cookie horiek edukia partekatzen duten sare sozialek berek instalatzen dituzte; horregatik, tresna sozial horien webguneak bisitatzea gomendatzen da, horiei buruz gehiago jakiteko.<\/p>\n<p>Cookien zerrenda osoa:<\/p>\n<p>&nbsp;<\/p>\n<table width=\"824\">\n<tbody>\n<tr>\n<td width=\"238\">bscookie<\/td>\n<td width=\"157\">.www.linkedin.com<\/td>\n<td width=\"429\">Esta cookie es una cookie de identificaci\u00f3n del navegador establecida por los botones de compartir enlazados y las etiquetas de anuncios.<\/td>\n<\/tr>\n<tr>\n<td width=\"238\">_fbp<\/td>\n<td>.inkolan.com<\/td>\n<td width=\"429\">Esta cookie es instalada por Facebook para ofrecer publicidad cuando est\u00e1n en Facebook o en una plataforma digital con publicidad de Facebook despu\u00e9s de visitar este sitio web.<\/td>\n<\/tr>\n<tr>\n<td width=\"238\">fr<\/td>\n<td>.facebook.com<\/td>\n<td width=\"429\">La cookie es instalada por Facebook para mostrar anuncios relevantes a los usuarios y medir y mejorar los anuncios. La cookie tambi\u00e9n rastrea el comportamiento del usuario a trav\u00e9s de la web en los sitios que tienen el p\u00edxel de Facebook o el plugin social de Facebook.<\/td>\n<\/tr>\n<tr>\n<td width=\"238\">_gcl_au<\/td>\n<td>.inkolan.com<\/td>\n<td width=\"429\">Esta cookie es utilizada por Google Analytics para entender la interacci\u00f3n del usuario con el sitio web.<\/td>\n<\/tr>\n<tr>\n<td width=\"238\">_ga<\/td>\n<td>.inkolan.com<\/td>\n<td width=\"429\">Esta cookie es instalada por Google Analytics. La cookie se utiliza para calcular los datos de los visitantes, de la sesi\u00f3n y de la campa\u00f1a y para hacer un seguimiento del uso del sitio para el informe de an\u00e1lisis del sitio. Las cookies almacenan la informaci\u00f3n de forma an\u00f3nima y asignan un n\u00famero generado aleatoriamente para identificar a los visitantes \u00fanicos.<\/td>\n<\/tr>\n<tr>\n<td width=\"238\">_gid<\/td>\n<td>.inkolan.com<\/td>\n<td width=\"429\">Esta cookie es instalada por Google Analytics. La cookie se utiliza para almacenar informaci\u00f3n sobre el uso que hacen los visitantes de un sitio web y ayuda a crear un informe anal\u00edtico sobre el funcionamiento del sitio web. Los datos recogidos incluyen el n\u00famero de visitantes, la fuente de la que proceden y las p\u00e1ginas visitadas de forma an\u00f3nima.<\/td>\n<\/tr>\n<tr>\n<td width=\"238\">lang<\/td>\n<td>.ads.linkedin.com<\/td>\n<td width=\"429\">Esta cookie se utiliza para almacenar las preferencias de idioma de un usuario para servir el contenido en ese idioma almacenado la pr\u00f3xima vez que el usuario visite el sitio web.<\/td>\n<\/tr>\n<tr>\n<td width=\"238\">bcookie<\/td>\n<td>.linkedin.com<\/td>\n<td width=\"429\">Esta cookie es establecida por linkedIn. La finalidad de la cookie es habilitar las funcionalidades de LinkedIn en la p\u00e1gina.<\/td>\n<\/tr>\n<tr>\n<td width=\"238\">lidc<\/td>\n<td>.linkedin.com<\/td>\n<td width=\"429\">Esta cookie es establecida por LinkedIn y se utiliza para el enrutamiento.<\/td>\n<\/tr>\n<tr>\n<td width=\"238\">lang<\/td>\n<td>.linkedin.com<\/td>\n<td width=\"429\">Esta cookie se utiliza para almacenar las preferencias de idioma de un usuario para servir el contenido en ese idioma almacenado la pr\u00f3xima vez que el usuario visite el sitio web.<\/td>\n<\/tr>\n<tr>\n<td width=\"238\">cookielawinfo-checkbox-necessary<\/td>\n<td>inkolan.com<\/td>\n<td width=\"429\">Esta cookie es establecida por el plugin GDPR Cookie Consent. Las cookies se utilizan para almacenar el consentimiento del usuario para las cookies en la categor\u00eda \u00abNecesario\u00bb.<\/td>\n<\/tr>\n<tr>\n<td width=\"238\">cookielawinfo-checkbox-non-necessary<\/td>\n<td>inkolan.com<\/td>\n<td width=\"429\">Esta cookie es establecida por el plugin GDPR Cookie Consent. La cookie se utiliza para almacenar el consentimiento del usuario para las cookies en la categor\u00eda \u00abNo necesario\u00bb.<\/td>\n<\/tr>\n<tr>\n<td width=\"238\">__cfduid<\/td>\n<td>.hsforms.net<\/td>\n<td width=\"429\">La cookie es utilizada por los servicios de cdn como CloudFare para identificar a los clientes individuales detr\u00e1s de una direcci\u00f3n IP compartida y aplicar la configuraci\u00f3n de seguridad en funci\u00f3n del cliente. No se corresponde con ninguna identificaci\u00f3n de usuario en la aplicaci\u00f3n web y no almacena ninguna informaci\u00f3n personal identificable.<\/td>\n<\/tr>\n<tr>\n<td width=\"238\">__cfduid<\/td>\n<td>.hs-scripts.com<\/td>\n<td width=\"429\">La cookie es utilizada por los servicios de cdn como CloudFare para identificar a los clientes individuales detr\u00e1s de una direcci\u00f3n IP compartida y aplicar la configuraci\u00f3n de seguridad en funci\u00f3n del cliente. No se corresponde con ninguna identificaci\u00f3n de usuario en la aplicaci\u00f3n web y no almacena ninguna informaci\u00f3n personal identificable.<\/td>\n<\/tr>\n<tr>\n<td width=\"238\">__cfduid<\/td>\n<td>.hsforms.com<\/td>\n<td width=\"429\">La cookie es utilizada por los servicios de cdn como CloudFare para identificar a los clientes individuales detr\u00e1s de una direcci\u00f3n IP compartida y aplicar la configuraci\u00f3n de seguridad en funci\u00f3n del cliente. No se corresponde con ninguna identificaci\u00f3n de usuario en la aplicaci\u00f3n web y no almacena ninguna informaci\u00f3n personal identificable.<\/td>\n<\/tr>\n<tr>\n<td width=\"238\">__cfduid<\/td>\n<td>.hscollectedforms.net<\/td>\n<td width=\"429\">La cookie es utilizada por los servicios de cdn como CloudFare para identificar a los clientes individuales detr\u00e1s de una direcci\u00f3n IP compartida y aplicar la configuraci\u00f3n de seguridad en funci\u00f3n del cliente. No se corresponde con ninguna identificaci\u00f3n de usuario en la aplicaci\u00f3n web y no almacena ninguna informaci\u00f3n personal identificable.<\/td>\n<\/tr>\n<tr>\n<td width=\"238\">__cfduid<\/td>\n<td>.hsadspixel.net<\/td>\n<td width=\"429\">La cookie es utilizada por los servicios de cdn como CloudFare para identificar a los clientes individuales detr\u00e1s de una direcci\u00f3n IP compartida y aplicar la configuraci\u00f3n de seguridad en funci\u00f3n del cliente. No se corresponde con ninguna identificaci\u00f3n de usuario en la aplicaci\u00f3n web y no almacena ninguna informaci\u00f3n personal identificable.<\/td>\n<\/tr>\n<tr>\n<td width=\"238\">__cfduid<\/td>\n<td>.hs-analytics.net<\/td>\n<td width=\"429\">La cookie es utilizada por los servicios de cdn como CloudFare para identificar a los clientes individuales detr\u00e1s de una direcci\u00f3n IP compartida y aplicar la configuraci\u00f3n de seguridad en funci\u00f3n del cliente. No se corresponde con ninguna identificaci\u00f3n de usuario en la aplicaci\u00f3n web y no almacena ninguna informaci\u00f3n personal identificable.<\/td>\n<\/tr>\n<tr>\n<td width=\"238\">__cfduid<\/td>\n<td>.hs-banner.com<\/td>\n<td width=\"429\">La cookie es utilizada por los servicios de cdn como CloudFare para identificar a los clientes individuales detr\u00e1s de una direcci\u00f3n IP compartida y aplicar la configuraci\u00f3n de seguridad en funci\u00f3n del cliente. No se corresponde con ninguna identificaci\u00f3n de usuario en la aplicaci\u00f3n web y no almacena ninguna informaci\u00f3n personal identificable.<\/td>\n<\/tr>\n<tr>\n<td width=\"238\">__cfduid<\/td>\n<td>.insignal.co<\/td>\n<td width=\"429\">La cookie es utilizada por los servicios de cdn como CloudFare para identificar a los clientes individuales detr\u00e1s de una direcci\u00f3n IP compartida y aplicar la configuraci\u00f3n de seguridad en funci\u00f3n del cliente. No se corresponde con ninguna identificaci\u00f3n de usuario en la aplicaci\u00f3n web y no almacena ninguna informaci\u00f3n personal identificable.<\/td>\n<\/tr>\n<tr>\n<td width=\"238\">__cfduid<\/td>\n<td>.hubspot.com<\/td>\n<td width=\"429\">La cookie es utilizada por los servicios de cdn como CloudFare para identificar a los clientes individuales detr\u00e1s de una direcci\u00f3n IP compartida y aplicar la configuraci\u00f3n de seguridad en funci\u00f3n del cliente. No se corresponde con ninguna identificaci\u00f3n de usuario en la aplicaci\u00f3n web y no almacena ninguna informaci\u00f3n personal identificable.<\/td>\n<\/tr>\n<tr>\n<td width=\"238\">PHPSESSID<\/td>\n<td>.insignal.co<\/td>\n<td width=\"429\">Esta cookie es nativa de las aplicaciones PHP. La cookie se utiliza para almacenar e identificar un ID de sesi\u00f3n \u00fanico de los usuarios con el fin de gestionar la sesi\u00f3n del usuario en el sitio web. La cookie es una cookie de sesi\u00f3n y se elimina cuando se cierran todas las ventanas del navegador.<\/td>\n<\/tr>\n<tr>\n<td width=\"238\">wc_visitor<\/td>\n<td>.inkolan.com<\/td>\n<td width=\"429\">No description<\/td>\n<\/tr>\n<tr>\n<td width=\"238\">wc_client<\/td>\n<td>.inkolan.com<\/td>\n<td width=\"429\">No description<\/td>\n<\/tr>\n<tr>\n<td width=\"238\">wc_client_current<\/td>\n<td>.inkolan.com<\/td>\n<td width=\"429\">No description<\/td>\n<\/tr>\n<tr>\n<td width=\"238\">wp-wpml_current_language<\/td>\n<td>inkolan.com<\/td>\n<td width=\"429\">No description<\/td>\n<\/tr>\n<tr>\n<td width=\"238\">_gat_UA-166045075-1<\/td>\n<td>.inkolan.com<\/td>\n<td width=\"429\">No description<\/td>\n<\/tr>\n<tr>\n<td width=\"238\">UserMatchHistory<\/td>\n<td>.linkedin.com<\/td>\n<td width=\"429\">Linkedin \u2013 Se utiliza para rastrear a los visitantes en m\u00faltiples sitios web, con el fin de presentar anuncios relevantes basados en las preferencias del visitante.<\/td>\n<\/tr>\n<tr>\n<td width=\"238\">_gd1612259107897<\/td>\n<td>inkolan.com<\/td>\n<td width=\"429\">No description<\/td>\n<\/tr>\n<tr>\n<td width=\"238\">_gd1612259107899<\/td>\n<td>inkolan.com<\/td>\n<td width=\"429\">No description<\/td>\n<\/tr>\n<\/tbody>\n<\/table>\n<p>&nbsp;<\/p>\n<div class=\"cli_pg_page_contaner\">\n<p>&nbsp;<\/p>\n<p><strong>COOKIEAK ADMINISTRATZEA.<\/strong><\/p>\n<p>Jakinarazten dizugu Cookien instalazioa konfigura dezakezula Webgunea konfiguratzeko prozesuan. Kontuan izan cookie guztiak desgaitzen badituzu, webgunearen funtzionalitate edo eduki batzuei eragin diezaieketela. Zure ekipoan instalatutako cookieak desgaitzeko edo ezabatzeko, zure nabigatzailearen jarraibideak bete behar dituzu. Nabigatzaile bakoitzean eragiketa desberdina da, \u00abLaguntza\u00bb funtzioak nola egin erakutsiko dizu.<\/p>\n<ul>\n<li>Internet Explorer:\u00a0<a href=\"https:\/\/support.microsoft.com\/es-es\/help\/17442\/windows-internet-explorer-delete-manage-cookies\">https:\/\/support.microsoft.com\/es-es\/help\/17442\/windows-internet-explorer-delete-manage-cookies<\/a><\/li>\n<li>FireFox:\u00a0<a href=\"https:\/\/support.mozilla.org\/en-US\/kb\/cookies-information-websites-store-on-your-computer?redirectlocale=en-US&amp;redirectslug=Cookies\">https:\/\/support.mozilla.org\/en-US\/kb\/cookies-information-websites-store-on-your-computer?redirectlocale=en-US&amp;redirectslug=Cookies<\/a><\/li>\n<li>Chrome:\u00a0<a href=\"https:\/\/support.google.com\/chrome\/answer\/95647?hl=es\">https:\/\/support.google.com\/chrome\/answer\/95647?hl=es<\/a><\/li>\n<li>Safari:\u00a0<a href=\"https:\/\/support.apple.com\/es-es\/guide\/safari\/sfri11471\/mac\">https:\/\/support.apple.com\/es-es\/guide\/safari\/sfri11471\/mac<\/a><\/li>\n<li>Microsoft Edge:\u00a0<a href=\"https:\/\/support.microsoft.com\/es-es\/help\/4468242\/microsoft-edge-browsing-data-and-privacy\">https:\/\/support.microsoft.com\/es-es\/help\/4468242\/microsoft-edge-browsing-data-and-privacy<\/a><\/li>\n<\/ul>\n<\/div>\n<p>[\/vc_column_text][\/vc_column][\/vc_row]<\/p>\n<\/div>","protected":false},"excerpt":{"rendered":"<p>[vc_row][vc_column][vc_column_text] Cookien Politika &nbsp; Inkolan Informazioa eta Lanen Koordinazioa AIEren webguneak (www.inkolan.com) cookieak erabiltzen ditu zerbitzu hobea emateko eta nabigazio-esperientzia hobea emateko. &nbsp; ZER DIRA COOKIEAK? Cookieak informazio-fitxategi txikiak dira, eta erabiltzailearen gailuan deskargatzen dira web orri batera sartzean, eta webgunearen jabeari aukera ematen diote bisitaldiari buruzko informazioa gogorarazteko, hala nola bere hizkuntza gogokoena, herrialdea,&hellip;<\/p>\n","protected":false},"author":9192193,"featured_media":0,"parent":0,"menu_order":0,"comment_status":"closed","ping_status":"closed","template":"","meta":{"_acf_changed":false,"footnotes":""},"class_list":["post-3932","page","type-page","status-publish","hentry","description-off"],"acf":[],"_links":{"self":[{"href":"https:\/\/www.inkolan.com\/eu\/wp-json\/wp\/v2\/pages\/3932","targetHints":{"allow":["GET"]}}],"collection":[{"href":"https:\/\/www.inkolan.com\/eu\/wp-json\/wp\/v2\/pages"}],"about":[{"href":"https:\/\/www.inkolan.com\/eu\/wp-json\/wp\/v2\/types\/page"}],"author":[{"embeddable":true,"href":"https:\/\/www.inkolan.com\/eu\/wp-json\/wp\/v2\/users\/9192193"}],"replies":[{"embeddable":true,"href":"https:\/\/www.inkolan.com\/eu\/wp-json\/wp\/v2\/comments?post=3932"}],"version-history":[{"count":1,"href":"https:\/\/www.inkolan.com\/eu\/wp-json\/wp\/v2\/pages\/3932\/revisions"}],"predecessor-version":[{"id":5683,"href":"https:\/\/www.inkolan.com\/eu\/wp-json\/wp\/v2\/pages\/3932\/revisions\/5683"}],"wp:attachment":[{"href":"https:\/\/www.inkolan.com\/eu\/wp-json\/wp\/v2\/media?parent=3932"}],"curies":[{"name":"wp","href":"https:\/\/api.w.org\/{rel}","templated":true}]}}