{"id":1340,"date":"2014-09-30T18:48:59","date_gmt":"2014-09-30T16:48:59","guid":{"rendered":"https:\/\/www.inkolan.com\/?page_id=1340"},"modified":"2019-02-01T12:31:26","modified_gmt":"2019-02-01T11:31:26","slug":"politica-de-privacidad","status":"publish","type":"page","link":"https:\/\/www.inkolan.com\/gal\/politica-de-privacidad\/","title":{"rendered":"Pol\u00edtica de privacidad"},"content":{"rendered":"<h1><b>Pol\u00edtica de privacidad<\/b><\/h1>\n<h3><b>1.Uso y tratamiento de datos de car\u00e1cter personal<\/b><\/h3>\n<p>En cumplimiento de lo establecido en la Ley Org\u00e1nica 15\/1999, de 13 de diciembre, de Protecci\u00f3n de Datos de Car\u00e1cter Personal (en adelante LOPD), <strong><\/strong> le informa que los datos de car\u00e1cter personal proporcionados, a trav\u00e9s del website, as\u00ed como los que pudiera facilitar en el futuro en el marco de su relaci\u00f3n jur\u00eddica con esta entidad, ser\u00e1n incorporados en los ficheros automatizados y no automatizados titularidad de <strong><\/strong>, cuyos datos constan en el Aviso legal.<\/p>\n<p>Estos ficheros tienen la finalidad de gestionar, administrar, prestarle los servicios o facilitarle los productos que solicite, facilitar el cumplimiento y ejecuci\u00f3n de los contratos que pudiera celebrar, conocer mejor sus gustos y adecuar los servicios a sus preferencias, as\u00ed como poder ofrecerle nuevos servicios o productos y enviarle informaci\u00f3n administrativa, t\u00e9cnica, organizativa y\/o comercial de forma documental y\/o electr\u00f3nica relacionada con las actividades de <strong><\/strong>. Los destinatarios de la informaci\u00f3n recogida ser\u00e1n exclusivamente los propios empleados de\u00a0<strong><\/strong>.<\/p>\n<p>Salvo en los campos en que expresamente se determine lo contrario por medio de un asterisco (*), las respuestas a las preguntas sobre datos personales son voluntarias, sin que la falta de contestaci\u00f3n a dichas preguntas implique una merma en la calidad de los servicios que Usted solicita. La falta de cumplimentaci\u00f3n de los campos determinados como obligatorios o el suministro de datos incorrectos imposibilitar\u00e1 que <strong><\/strong>\u00a0pueda prestarle los servicios o le facilite los productos que solicite.<\/p>\n<h3><b>2. Ejercicio de derechos: acceso, rectificaci\u00f3n, cancelaci\u00f3n y oposici\u00f3n<\/b><\/h3>\n<p>Aquellas personas f\u00edsicas que hayan facilitado sus datos a <strong><\/strong>\u00a0podr\u00e1n dirigirse a la entidad, en su calidad de Responsable del fichero, con el fin de poder ejercitar gratuitamente sus derechos de acceso, rectificaci\u00f3n, cancelaci\u00f3n y oposici\u00f3n respecto de los datos incorporados en sus ficheros.<\/p>\n<p>Dado el car\u00e1cter confidencial de la informaci\u00f3n, Vd. no podr\u00e1 ejercitar sus derechos telef\u00f3nicamente, se debe solicitar por cualquier medio que deje constancia de su env\u00edo y de su recepci\u00f3n y remitir copia de su DNI o documento equivalente.<\/p>\n<p>El interesado podr\u00e1 ejercitar sus derechos mediante comunicaci\u00f3n por escrito dirigida a <strong><\/strong>\u00a0en la direcci\u00f3n indicada al inicio o a la direcci\u00f3n de correo electr\u00f3nico\u00a0<strong><\/strong>.<\/p>\n<h3><b>3. Medidas de seguridad<\/b><\/h3>\n<p><strong><\/strong> le informa que tiene implantadas las medidas de seguridad de \u00edndole t\u00e9cnica y organizativas necesarias para garantizar la seguridad de sus datos de car\u00e1cter personal y evitar su alteraci\u00f3n, p\u00e9rdida y tratamiento y\/o acceso no autorizado, habida cuenta del estado de la tecnolog\u00eda, la naturaleza de los datos almacenados y los riesgos a que est\u00e1n expuestos, ya provengan de la acci\u00f3n humana o del medio f\u00edsico o natural. Todo ello, de conformidad con lo previsto en el art\u00edculo 9 de la LOPD y en el Real Decreto 1720\/2007, de 21 de diciembre, por el que se aprueba el Reglamento de desarrollo de la Ley Org\u00e1nica 15\/1999, de 13 de diciembre, de protecci\u00f3n de datos de car\u00e1cter personal.<\/p>\n<p>As\u00ed, <strong><\/strong>\u00a0ha establecido medidas adicionales en orden a reforzar la confidencialidad e integridad de la informaci\u00f3n en la organizaci\u00f3n. No obstante, el usuario debe ser consciente de que las medidas de seguridad en Internet no son inexpugnables.<\/p>\n<p><strong><\/strong>\u00a0continuamente mantiene la supervisi\u00f3n, control y evaluaci\u00f3n de los procesos para asegurar el respeto a la privacidad de los datos.<\/p>\n<h3><b>4. Uso de cookies<\/b><\/h3>\n<p>Las \u201ccookies\u201d constituyen una herramienta empleada por los servidores Web para almacenar y recuperar informaci\u00f3n acerca de sus usuarios.<\/p>\n<p>Las \u201ccookies\u201d son mensajes enviados por el servidor al ordenador del usuario, consistentes en ficheros de texto que se almacenan en la memoria del ordenador y que recogen informaci\u00f3n relativa a las p\u00e1ginas que se visitan, el tiempo de conexi\u00f3n a Internet, etc. Las \u201ccookies\u201d vuelven a ser enviadas al servidor cada vez que el usuario entra en esa p\u00e1gina.<\/p>\n<p>La finalidad de las \u201ccookies\u201d de <strong><\/strong>\u00a0es personalizar los servicios que le ofrecemos, facilit\u00e1ndole informaci\u00f3n que pueda ser de su inter\u00e9s. Si no desea que se instale en su disco duro una cookie puede configurar el navegador de su ordenador para no recibirlas. Sin embargo, le hacemos notar que, en ese caso, la calidad del funcionamiento del website puede disminuir.<\/p>\n<p>Las \u201ccookies\u201d se asocian \u00fanicamente con un usuario an\u00f3nimo y su ordenador, y no proporcionan por s\u00ed solas los datos personales del cliente, ni pueden leer datos de su disco duro, ni leer los archivos cookie creados por otros proveedores.<\/p>\n<p>Los \u201clogs\u201d son unos archivos almacenados en el servidor de <strong><\/strong>\u00a0que registran datos sobre su navegaci\u00f3n y nos permiten seguirle prestando los servicios que solicita. Asimismo, nos ayudan a analizar el funcionamiento del sistema, localizar las incidencias y problemas que puedan surgir y solventarlos en el menor plazo posible.<\/p>\n<h3><b>5. Menores de edad<\/b><\/h3>\n<p><strong><\/strong> considera que la protecci\u00f3n de datos de car\u00e1cter personal es esencial, por lo que en el supuesto de que el usuario sea menor de edad, \u00e9ste s\u00f3lo podr\u00e1 aportar sus datos personales en los formularios de recogida de los mismos, con el previo consentimiento de los padres o tutores, enviando el formulario correspondiente debidamente firmado por los padres o tutores por correo certificado y con copia del DNI del padre o tutor firmante a la direcci\u00f3n de <strong><\/strong> arriba indicada.<\/p>\n<p><strong><\/strong>\u00a0no responde de aquellos datos de menores que sin poder conocer <strong><\/strong>\u00a0este hecho se haya facilitado sin el consentimiento de los padres o tutores.<\/p>\n<h3><b>6. Modificaci\u00f3n de la pol\u00edtica de privacidad<\/b><\/h3>\n<p><strong><\/strong> se reserva el derecho a modificar su Pol\u00edtica de Privacidad, de acuerdo a su propio criterio, o motivado por un cambio doctrinal de la Agencia Espa\u00f1ola de Protecci\u00f3n de Datos, legislativo o jurisprudencial. Cualquier modificaci\u00f3n de la Pol\u00edtica de Privacidad ser\u00e1 publicada al menos diez d\u00edas antes de su efectiva aplicaci\u00f3n. El uso del Web despu\u00e9s de dichos cambios, implica la aceptaci\u00f3n de \u00e9stos.<\/p>\n","protected":false},"excerpt":{"rendered":"<p>Pol\u00edtica de privacidad 1.Uso y tratamiento de datos de car\u00e1cter personal En cumplimiento de lo establecido en la Ley Org\u00e1nica 15\/1999, de 13 de diciembre, de Protecci\u00f3n de Datos de Car\u00e1cter Personal (en adelante LOPD), le informa que los datos de car\u00e1cter personal proporcionados, a trav\u00e9s del website, as\u00ed como los que pudiera facilitar en&hellip;<\/p>\n","protected":false},"author":9192193,"featured_media":0,"parent":0,"menu_order":0,"comment_status":"closed","ping_status":"closed","template":"","meta":{"_acf_changed":false,"footnotes":""},"class_list":["post-1340","page","type-page","status-publish","hentry","description-off"],"acf":[],"_links":{"self":[{"href":"https:\/\/www.inkolan.com\/gal\/wp-json\/wp\/v2\/pages\/1340","targetHints":{"allow":["GET"]}}],"collection":[{"href":"https:\/\/www.inkolan.com\/gal\/wp-json\/wp\/v2\/pages"}],"about":[{"href":"https:\/\/www.inkolan.com\/gal\/wp-json\/wp\/v2\/types\/page"}],"author":[{"embeddable":true,"href":"https:\/\/www.inkolan.com\/gal\/wp-json\/wp\/v2\/users\/9192193"}],"replies":[{"embeddable":true,"href":"https:\/\/www.inkolan.com\/gal\/wp-json\/wp\/v2\/comments?post=1340"}],"version-history":[{"count":0,"href":"https:\/\/www.inkolan.com\/gal\/wp-json\/wp\/v2\/pages\/1340\/revisions"}],"wp:attachment":[{"href":"https:\/\/www.inkolan.com\/gal\/wp-json\/wp\/v2\/media?parent=1340"}],"curies":[{"name":"wp","href":"https:\/\/api.w.org\/{rel}","templated":true}]}}